{"id":67,"date":"2024-09-05T13:36:29","date_gmt":"2024-09-05T11:36:29","guid":{"rendered":"https:\/\/tiengen-voices.de\/?page_id=67"},"modified":"2025-02-18T20:56:41","modified_gmt":"2025-02-18T19:56:41","slug":"impressum","status":"publish","type":"page","link":"https:\/\/tiengen-voices.de\/?page_id=67","title":{"rendered":"Impressum\/Disclaimer"},"content":{"rendered":"\n<div class=\"wp-block-group alignwide has-global-padding is-layout-constrained wp-block-group-is-layout-constrained\">\n<h1 class=\"wp-block-heading alignwide has-xx-large-font-size\" style=\"line-height:1.2\"><\/h1>\n\n\n\n<h3 class=\"wp-block-heading has-text-align-left\">Verantwortlich gem\u00e4\u00df ua. \u00a7 55 Abs. 2 RStV, Art. 3 Abs. 1 UWG, Art. 322 StGB<br><\/h3>\n\n\n\n<p class=\"has-text-align-left\">Jan B\u00f6rnsen <br>Schilfweg 19<br>79112&nbsp;Freiburg im Breisgau, Munzingen<br>+49 157 57241646<br><a href=\"mailto:Chor1@web.de\">Chor1@web.de<\/a><\/p>\n\n\n\n<p class=\"has-text-align-left\"><\/p>\n\n\n\n<h3 class=\"wp-block-heading has-text-align-left\">Disclaimer<\/h3>\n\n\n\n<p class=\"has-text-align-left\">Alle Texte und Links wurden sorgf\u00e4ltig gepr\u00fcft und werden laufend aktualisiert. Wir sind bem\u00fcht, richtige und vollst\u00e4ndige Informationen auf dieser Website bereitzustellen, \u00fcbernehmen aber keinerlei Verantwortung, Garantien oder Haftung daf\u00fcr, dass diese, richtig, vollst\u00e4ndig oder aktuell sind. Wir behalten uns das Recht vor, jederzeit und ohne Vorank\u00fcndigung die Informationen auf dieser Website zu \u00e4ndern und verpflichten uns auch nicht, die enthaltenen Informationen zu aktualisieren. Alle Links wurden zum Zeitpunkt ihrer Aufnahme auf ihre Richtigkeit \u00fcberpr\u00fcft, dennoch haften wir nicht f\u00fcr Inhalte und Verf\u00fcgbarkeit von Websites, die mittels Hyperlinks zu erreichen sind. F\u00fcr illegale, fehlerhafte oder unvollst\u00e4ndige Inhalte und insbesondere f\u00fcr Sch\u00e4den, die hierdurch entstehen, haftet allein der Anbieter der Seite, auf welche verwiesen wurde. Dabei ist es gleichg\u00fcltig, ob der Schaden direkter, indirekter oder finanzieller Natur ist oder ein sonstiger Schaden vorliegt.<\/p>\n\n\n\n<h3 class=\"wp-block-heading has-text-align-left\"><br>Datenschutz<\/h3>\n\n\n\n<p class=\"has-text-align-left\"><br>F\u00fcr die Sicherheit der Daten\u00fcbertragung im Internet k\u00f6nnen wir keine Gew\u00e4hr \u00fcbernehmen, insbesondere besteht bei der \u00dcbertragung von Daten per E-Mail die Gefahr des Zugriffs durch Dritte. Daten, die wir via diese Website erhalten, behandeln wir vertraulich, garantieren dies allerdings nicht. Einer Nutzung der durch via diese Website erhaltene Kontaktdaten, durch Dritte zu Werbezwecken wird hiermit ausdr\u00fccklich widersprochen. Der Betreiber beh\u00e4lt sich f\u00fcr den Fall unverlangt zugesandter Werbe- oder Informationsmaterialien ausdr\u00fccklich rechtliche Schritte vor.<\/p>\n\n\n\n<h3 class=\"wp-block-heading has-text-align-left\"><br>Haftungsausschluss<\/h3>\n\n\n\n<p class=\"has-text-align-left\"><br>Wir \u00fcbernehmen keinerlei Gew\u00e4hr hinsichtlich der inhaltlichen Richtigkeit, Genauigkeit, Aktualit\u00e4t, Zuverl\u00e4ssigkeit und Vollst\u00e4ndigkeit der Informationen. Haftungsanspr\u00fcche wegen Sch\u00e4den materieller oder immaterieller Art, welche aus dem Zugriff oder der Nutzung bzw. Nichtnutzung der ver\u00f6ffentlichten Informationen, durch Missbrauch der Verbindung oder durch technische St\u00f6rungen entstanden sind, werden ausgeschlossen. Alle Angebote sind unverbindlich. Wir behalten es ausdr\u00fccklich vor, Teile der Seiten oder das gesamte Angebot ohne gesonderte Ank\u00fcndigung zu ver\u00e4ndern, zu erg\u00e4nzen, zu l\u00f6schen oder die Ver\u00f6ffentlichung zeitweise oder endg\u00fcltig einzustellen.<\/p>\n\n\n\n<h3 class=\"wp-block-heading has-text-align-left\"><br>Haftung f\u00fcr Links<\/h3>\n\n\n\n<p class=\"has-text-align-left\"><br>Verweise und Links auf Webseiten Dritter liegen ausserhalb unseres Verantwortungsbereichs. Es wird jegliche Verantwortung f\u00fcr solche Webseiten abgelehnt. Der Zugriff und die Nutzung solcher Webseiten erfolgen auf eigene Gefahr des Nutzers.<\/p>\n\n\n\n<h3 class=\"wp-block-heading has-text-align-left\"><br>Urheberrechte<\/h3>\n\n\n\n<p class=\"has-text-align-left\">Die Urheber- und alle anderen Rechte an Inhalten, Bildern, Fotos oder anderen Dateien auf der Website geh\u00f6ren ausschliesslich uns, bzw. denjenigen, die Sie uns zur Verf\u00fcgung gestellt haben. F\u00fcr die Reproduktion jeglicher Elemente ist die schriftliche Zustimmung der Urheberrechtstr\u00e4ger im Voraus einzuholen. <\/p>\n\n\n\n<h3 class=\"wp-block-heading has-text-align-left\"><br>Salvatorische Klausel<\/h3>\n\n\n\n<p class=\"has-text-align-left\">Sollten einzelne Regelungen oder Formulierungen der vorherigen Abschnitte unwirksam sein oder werden, bleiben die \u00fcbrigen Regelungen in ihrem Inhalt und ihrer G\u00fcltigkeit hiervon unber\u00fchrt.<\/p>\n\n\n\n<p><\/p>\n<\/div>\n","protected":false},"excerpt":{"rendered":"<p>Verantwortlich gem\u00e4\u00df ua. \u00a7 55 Abs. 2 RStV, Art. 3 Abs. 1 UWG, Art. 322 StGB Jan B\u00f6rnsen Schilfweg 1979112&nbsp;Freiburg im Breisgau, Munzingen+49 157 57241646Chor1@web.de Disclaimer Alle Texte und Links wurden sorgf\u00e4ltig gepr\u00fcft und werden laufend aktualisiert. Wir sind bem\u00fcht, richtige und vollst\u00e4ndige Informationen auf dieser Website bereitzustellen, \u00fcbernehmen aber keinerlei Verantwortung, Garantien oder Haftung [&hellip;]<\/p>\n","protected":false},"author":1,"featured_media":0,"parent":0,"menu_order":0,"comment_status":"closed","ping_status":"closed","template":"","meta":{"footnotes":""},"class_list":["post-67","page","type-page","status-publish","hentry"],"_links":{"self":[{"href":"https:\/\/tiengen-voices.de\/index.php?rest_route=\/wp\/v2\/pages\/67","targetHints":{"allow":["GET"]}}],"collection":[{"href":"https:\/\/tiengen-voices.de\/index.php?rest_route=\/wp\/v2\/pages"}],"about":[{"href":"https:\/\/tiengen-voices.de\/index.php?rest_route=\/wp\/v2\/types\/page"}],"author":[{"embeddable":true,"href":"https:\/\/tiengen-voices.de\/index.php?rest_route=\/wp\/v2\/users\/1"}],"replies":[{"embeddable":true,"href":"https:\/\/tiengen-voices.de\/index.php?rest_route=%2Fwp%2Fv2%2Fcomments&post=67"}],"version-history":[{"count":6,"href":"https:\/\/tiengen-voices.de\/index.php?rest_route=\/wp\/v2\/pages\/67\/revisions"}],"predecessor-version":[{"id":81,"href":"https:\/\/tiengen-voices.de\/index.php?rest_route=\/wp\/v2\/pages\/67\/revisions\/81"}],"wp:attachment":[{"href":"https:\/\/tiengen-voices.de\/index.php?rest_route=%2Fwp%2Fv2%2Fmedia&parent=67"}],"curies":[{"name":"wp","href":"https:\/\/api.w.org\/{rel}","templated":true}]}}