{"id":63,"date":"2024-09-04T21:40:20","date_gmt":"2024-09-04T19:40:20","guid":{"rendered":"https:\/\/tiengen-voices.de\/?page_id=63"},"modified":"2024-09-04T21:40:20","modified_gmt":"2024-09-04T19:40:20","slug":"chorleitung","status":"publish","type":"page","link":"https:\/\/tiengen-voices.de\/?page_id=63","title":{"rendered":"Chorleitung"},"content":{"rendered":"\n<div class=\"wp-block-group alignwide has-global-padding is-layout-constrained wp-block-group-is-layout-constrained\">\n<h1 class=\"wp-block-heading alignwide has-xx-large-font-size\" style=\"line-height:1.2\"><\/h1>\n\n\n\n<p class=\"has-text-align-left\">Unsere Dirigentin <a href=\"https:\/\/www.klavierunterricht-freiburg-fydrich.de\/\">Dr. Gudrun Fydrich<\/a> leitet unseren Chor mit gr\u00f6\u00dftem Engagement, K\u00f6nnen und Professionalit\u00e4t seit 2014.<\/p>\n\n\n\n<p>Als umfassend ausgebildete P\u00e4dagogin mit Staatsexamen der Schulmusik, Konzertreife in Klavier und Promotion in Musikwissenschaften leitet sie u.a. seit vielen Jahren auch Ch\u00f6re unterschiedlicher Genres.<\/p>\n\n\n\n<p>Wichtig dabei ist ihr den Anspr\u00fcchen und W\u00fcnschen der S\u00e4ngerinnen und S\u00e4ngern gerecht zu werden und Freude an gemeinsamer Musik zu vermitteln.<\/p>\n<\/div>\n","protected":false},"excerpt":{"rendered":"<p>Unsere Dirigentin Dr. Gudrun Fydrich leitet unseren Chor mit gr\u00f6\u00dftem Engagement, K\u00f6nnen und Professionalit\u00e4t seit 2014. Als umfassend ausgebildete P\u00e4dagogin mit Staatsexamen der Schulmusik, Konzertreife in Klavier und Promotion in Musikwissenschaften leitet sie u.a. seit vielen Jahren auch Ch\u00f6re unterschiedlicher Genres. Wichtig dabei ist ihr den Anspr\u00fcchen und W\u00fcnschen der S\u00e4ngerinnen und S\u00e4ngern gerecht zu [&hellip;]<\/p>\n","protected":false},"author":1,"featured_media":0,"parent":0,"menu_order":0,"comment_status":"closed","ping_status":"closed","template":"","meta":{"footnotes":""},"class_list":["post-63","page","type-page","status-publish","hentry"],"_links":{"self":[{"href":"https:\/\/tiengen-voices.de\/index.php?rest_route=\/wp\/v2\/pages\/63","targetHints":{"allow":["GET"]}}],"collection":[{"href":"https:\/\/tiengen-voices.de\/index.php?rest_route=\/wp\/v2\/pages"}],"about":[{"href":"https:\/\/tiengen-voices.de\/index.php?rest_route=\/wp\/v2\/types\/page"}],"author":[{"embeddable":true,"href":"https:\/\/tiengen-voices.de\/index.php?rest_route=\/wp\/v2\/users\/1"}],"replies":[{"embeddable":true,"href":"https:\/\/tiengen-voices.de\/index.php?rest_route=%2Fwp%2Fv2%2Fcomments&post=63"}],"version-history":[{"count":1,"href":"https:\/\/tiengen-voices.de\/index.php?rest_route=\/wp\/v2\/pages\/63\/revisions"}],"predecessor-version":[{"id":64,"href":"https:\/\/tiengen-voices.de\/index.php?rest_route=\/wp\/v2\/pages\/63\/revisions\/64"}],"wp:attachment":[{"href":"https:\/\/tiengen-voices.de\/index.php?rest_route=%2Fwp%2Fv2%2Fmedia&parent=63"}],"curies":[{"name":"wp","href":"https:\/\/api.w.org\/{rel}","templated":true}]}}