{"id":60,"date":"2024-09-04T19:32:44","date_gmt":"2024-09-04T17:32:44","guid":{"rendered":"https:\/\/tiengen-voices.de\/?page_id=60"},"modified":"2026-02-04T21:44:36","modified_gmt":"2026-02-04T20:44:36","slug":"mitmachen","status":"publish","type":"page","link":"https:\/\/tiengen-voices.de\/?page_id=60","title":{"rendered":"Mitmachen"},"content":{"rendered":"\n<div class=\"wp-block-group alignwide has-global-padding is-layout-constrained wp-block-group-is-layout-constrained\">\n<h1 class=\"wp-block-heading alignwide has-xx-large-font-size\" style=\"line-height:1.2\"><\/h1>\n\n\n\n<p class=\"has-text-align-left\">Unsere Proben finden immer montags von 20:00 bis 21:30 Uhr im <a href=\"https:\/\/maps.app.goo.gl\/VgLiDZPtyoaVY3wH9\">Tuniberghaus<\/a> <a href=\"http:\/\/XPM9+3W Freiburg im Breisgau\"><\/a>in Freiburg-Tiengen statt. <\/p>\n\n\n\n<p class=\"has-text-align-left\">Einmal im Monat werden wir dabei von einer professionellen Stimmbildnerin unterst\u00fctzt. Danach ergibt sich in der Regel noch ein gem\u00fctliches Beisammensein bei Bier, Wein und anderen Getr\u00e4nken aus unserem K\u00fchlschrank.<\/p>\n\n\n\n<p>Als Laienchor setzen wir weder Erfahrung noch profunde Notenkenntnisse voraus. Hauptsache Freude an Musik und an gemeinsamen mehrstimmigen Gesang ist vorhanden. Wir freuen uns immer \u00fcber neue Gesichter und k\u00f6nnen jederzeit Verst\u00e4rkung gebrauchen.<\/p>\n\n\n\n<p>Bei Interesse kommen Sie einfach vorbei oder kontaktieren Sie uns \u00fcber<\/p>\n\n\n\n<p><a href=\"mailto:Chor1@web.de\">chor1@web.de<\/a><\/p>\n\n\n\n<p>Jan B\u00f6rnsen +49 157 57241646<\/p>\n<\/div>\n\n\n\n<p><\/p>\n","protected":false},"excerpt":{"rendered":"<p>Unsere Proben finden immer montags von 20:00 bis 21:30 Uhr im Tuniberghaus in Freiburg-Tiengen statt. Einmal im Monat werden wir dabei von einer professionellen Stimmbildnerin unterst\u00fctzt. Danach ergibt sich in der Regel noch ein gem\u00fctliches Beisammensein bei Bier, Wein und anderen Getr\u00e4nken aus unserem K\u00fchlschrank. Als Laienchor setzen wir weder Erfahrung noch profunde Notenkenntnisse voraus. [&hellip;]<\/p>\n","protected":false},"author":1,"featured_media":0,"parent":0,"menu_order":0,"comment_status":"closed","ping_status":"closed","template":"","meta":{"footnotes":""},"class_list":["post-60","page","type-page","status-publish","hentry"],"_links":{"self":[{"href":"https:\/\/tiengen-voices.de\/index.php?rest_route=\/wp\/v2\/pages\/60","targetHints":{"allow":["GET"]}}],"collection":[{"href":"https:\/\/tiengen-voices.de\/index.php?rest_route=\/wp\/v2\/pages"}],"about":[{"href":"https:\/\/tiengen-voices.de\/index.php?rest_route=\/wp\/v2\/types\/page"}],"author":[{"embeddable":true,"href":"https:\/\/tiengen-voices.de\/index.php?rest_route=\/wp\/v2\/users\/1"}],"replies":[{"embeddable":true,"href":"https:\/\/tiengen-voices.de\/index.php?rest_route=%2Fwp%2Fv2%2Fcomments&post=60"}],"version-history":[{"count":8,"href":"https:\/\/tiengen-voices.de\/index.php?rest_route=\/wp\/v2\/pages\/60\/revisions"}],"predecessor-version":[{"id":119,"href":"https:\/\/tiengen-voices.de\/index.php?rest_route=\/wp\/v2\/pages\/60\/revisions\/119"}],"wp:attachment":[{"href":"https:\/\/tiengen-voices.de\/index.php?rest_route=%2Fwp%2Fv2%2Fmedia&parent=60"}],"curies":[{"name":"wp","href":"https:\/\/api.w.org\/{rel}","templated":true}]}}